{"id":1164,"date":"2020-10-05T16:43:19","date_gmt":"2020-10-05T14:43:19","guid":{"rendered":"https:\/\/atouts-et-perspectives.fr\/contactez-nous\/"},"modified":"2020-12-09T17:34:23","modified_gmt":"2020-12-09T16:34:23","slug":"contact-us","status":"publish","type":"page","link":"https:\/\/atouts-et-perspectives.fr\/en\/contact-us\/","title":{"rendered":"Contact-us"},"content":{"rendered":"","protected":false},"excerpt":{"rendered":"","protected":false},"author":1,"featured_media":0,"parent":0,"menu_order":0,"comment_status":"closed","ping_status":"closed","template":"","meta":[],"acf":[],"yoast_head":"<!-- This site is optimized with the Yoast SEO plugin v15.6.2 - https:\/\/yoast.com\/wordpress\/plugins\/seo\/ -->\n<title>Contact-us - Atouts et perspectives<\/title>\n<meta name=\"description\" content=\"Contactez l&#039;association Atouts &amp; Perspectives gr\u00e2ce au formulaire de contact. Vous pouvez \u00e9galement nous joindre par t\u00e9l\u00e9phone.\" \/>\n<meta name=\"robots\" content=\"index, follow, max-snippet:-1, max-image-preview:large, max-video-preview:-1\" \/>\n<link rel=\"canonical\" href=\"https:\/\/atouts-et-perspectives.fr\/en\/contact-us\/\" \/>\n<meta property=\"og:locale\" content=\"en_US\" \/>\n<meta property=\"og:type\" content=\"article\" \/>\n<meta property=\"og:title\" content=\"Contact-us - Atouts et perspectives\" \/>\n<meta property=\"og:description\" content=\"Contactez l&#039;association Atouts &amp; Perspectives gr\u00e2ce au formulaire de contact. Vous pouvez \u00e9galement nous joindre par t\u00e9l\u00e9phone.\" \/>\n<meta property=\"og:url\" content=\"https:\/\/atouts-et-perspectives.fr\/en\/contact-us\/\" \/>\n<meta property=\"og:site_name\" content=\"Atouts et perspectives\" \/>\n<meta property=\"article:modified_time\" content=\"2020-12-09T16:34:23+00:00\" \/>\n<meta name=\"twitter:card\" content=\"summary_large_image\" \/>\n<script type=\"application\/ld+json\" class=\"yoast-schema-graph\">{\"@context\":\"https:\/\/schema.org\",\"@graph\":[{\"@type\":\"WebSite\",\"@id\":\"https:\/\/atouts-et-perspectives.fr\/en\/#website\",\"url\":\"https:\/\/atouts-et-perspectives.fr\/en\/\",\"name\":\"Atouts et perspectives\",\"description\":\"Insertion et formation, pr\\u00e9parons votre avenir.\",\"potentialAction\":[{\"@type\":\"SearchAction\",\"target\":\"https:\/\/atouts-et-perspectives.fr\/en\/?s={search_term_string}\",\"query-input\":\"required name=search_term_string\"}],\"inLanguage\":\"en-US\"},{\"@type\":\"WebPage\",\"@id\":\"https:\/\/atouts-et-perspectives.fr\/en\/contact-us\/#webpage\",\"url\":\"https:\/\/atouts-et-perspectives.fr\/en\/contact-us\/\",\"name\":\"Contact-us - Atouts et perspectives\",\"isPartOf\":{\"@id\":\"https:\/\/atouts-et-perspectives.fr\/en\/#website\"},\"datePublished\":\"2020-10-05T14:43:19+00:00\",\"dateModified\":\"2020-12-09T16:34:23+00:00\",\"description\":\"Contactez l'association Atouts & Perspectives gr\\u00e2ce au formulaire de contact. Vous pouvez \\u00e9galement nous joindre par t\\u00e9l\\u00e9phone.\",\"inLanguage\":\"en-US\",\"potentialAction\":[{\"@type\":\"ReadAction\",\"target\":[\"https:\/\/atouts-et-perspectives.fr\/en\/contact-us\/\"]}]}]}<\/script>\n<!-- \/ Yoast SEO plugin. -->","_links":{"self":[{"href":"https:\/\/atouts-et-perspectives.fr\/en\/wp-json\/wp\/v2\/pages\/1164"}],"collection":[{"href":"https:\/\/atouts-et-perspectives.fr\/en\/wp-json\/wp\/v2\/pages"}],"about":[{"href":"https:\/\/atouts-et-perspectives.fr\/en\/wp-json\/wp\/v2\/types\/page"}],"author":[{"embeddable":true,"href":"https:\/\/atouts-et-perspectives.fr\/en\/wp-json\/wp\/v2\/users\/1"}],"replies":[{"embeddable":true,"href":"https:\/\/atouts-et-perspectives.fr\/en\/wp-json\/wp\/v2\/comments?post=1164"}],"version-history":[{"count":3,"href":"https:\/\/atouts-et-perspectives.fr\/en\/wp-json\/wp\/v2\/pages\/1164\/revisions"}],"predecessor-version":[{"id":1226,"href":"https:\/\/atouts-et-perspectives.fr\/en\/wp-json\/wp\/v2\/pages\/1164\/revisions\/1226"}],"wp:attachment":[{"href":"https:\/\/atouts-et-perspectives.fr\/en\/wp-json\/wp\/v2\/media?parent=1164"}],"curies":[{"name":"wp","href":"https:\/\/api.w.org\/{rel}","templated":true}]}}